{"id":3,"date":"2025-12-19T12:57:40","date_gmt":"2025-12-19T12:57:40","guid":{"rendered":"https:\/\/gruposicosta.pt\/new\/?page_id=3"},"modified":"2025-12-22T19:11:04","modified_gmt":"2025-12-22T19:11:04","slug":"politica-privacidade","status":"publish","type":"page","link":"https:\/\/gruposicosta.pt\/en\/politica-privacidade\/","title":{"rendered":"Pol\u00edtica de privacidade"},"content":{"rendered":"<p>O Grupo Sicosta, tem como compromisso o respeito pela privacidade dos utilizadores, bem como a prote\u00e7\u00e3o e a seguran\u00e7a dos seus dados pessoais. Este texto pretende informar o utilizador sobre a forma como o Grupo Sicosta trata os dados pessoais que lhe s\u00e3o facultados atrav\u00e9s do website gruposicosta.pt.<\/p>\n\n\n\n<h2 class=\"wp-block-heading\">1. \u00c2mbito de Aplica\u00e7\u00e3o e Respons\u00e1vel pelo Tratamento de Dados<\/h2>\n\n\n\n<p>Todas as suas informa\u00e7\u00f5es pessoais recolhidas, ser\u00e3o usadas para o ajudar a tornar a sua visita ao nosso site o mais produtiva e agrad\u00e1vel poss\u00edvel. A garantia da confidencialidade dos dados pessoais dos utilizadores do nosso site \u00e9 importante para o&nbsp;<strong>Grupo Sicosta<\/strong>. Todas as informa\u00e7\u00f5es pessoais relativas a membros, assinantes, clientes ou visitantes que usem o nosso site ser\u00e3o tratadas em concord\u00e2ncia com a Lei da Prote\u00e7\u00e3o de Dados Pessoais de 26 de outubro de 1998 (Lei n.\u00ba 67\/98). A informa\u00e7\u00e3o pessoal recolhida pode incluir o seu nome, e-mail, n\u00famero de telefone e\/ou telem\u00f3vel, morada, data de nascimento e\/ou outros. O uso do nosso site pressup\u00f5e a aceita\u00e7\u00e3o deste Acordo de Privacidade. A equipa do&nbsp;<strong>Grupo Sicosta<\/strong>&nbsp;reserva-se ao direito de alterar este acordo sem aviso pr\u00e9vio. Deste modo, recomendamos que consulte a nossa pol\u00edtica de privacidade com regularidade de forma a estar sempre atualizado.<\/p>\n\n\n\n<h2 class=\"wp-block-heading\">2. Cookies e Web Beacons<\/h2>\n\n\n\n<p>Utilizamos cookies para armazenar informa\u00e7\u00e3o, tais como as suas prefer\u00eancias pessoas quando visita o nosso website. Isto poder\u00e1 incluir um simples popup, ou uma liga\u00e7\u00e3o em v\u00e1rios servi\u00e7os que providenciamos. Voc\u00ea det\u00e9m o poder de desligar os seus cookies, nas op\u00e7\u00f5es do seu browser, ou efetuando altera\u00e7\u00f5es nas ferramentas de programas Anti-Virus. &nbsp;No entanto, isso poder\u00e1 alterar a forma como interage com o nosso website, ou outros websites. Isso poder\u00e1 afetar ou n\u00e3o permitir que fa\u00e7a logins em programas, sites ou f\u00f3runs da nossa e de outras redes.<\/p>\n\n\n\n<h2 class=\"wp-block-heading\">3. Liga\u00e7\u00f5es para Websites de Terceiros<\/h2>\n\n\n\n<p>O site do&nbsp;<strong>Grupo Sicosta<\/strong>&nbsp;possui liga\u00e7\u00f5es para outros sites, os quais, a nosso ver, podem conter informa\u00e7\u00f5es \/ ferramentas \u00fateis para os nossos visitantes. A nossa pol\u00edtica de privacidade n\u00e3o \u00e9 aplicada a sites de terceiros, pelo que, caso visite outrosite a partir do nosso dever\u00e1 ler a pol\u00edtica de privacidade do mesmo. N\u00e3o nos responsabilizamos pela pol\u00edtica de privacidade ou conte\u00fado presente nesses mesmos sites.<\/p>","protected":false},"excerpt":{"rendered":"O Grupo Sicosta, tem como compromisso o respeito pela privacidade dos utilizadores, bem como a prote\u00e7\u00e3o e a seguran\u00e7a dos seus dados pessoais. Este texto pretende informar o utilizador sobre a forma como o Grupo Sicosta trata os dados pessoais que lhe s\u00e3o facultados atrav\u00e9s do website gruposicosta.pt. 1. \u00c2mbito de Aplica\u00e7\u00e3o e Respons\u00e1vel pelo&#8230; <a class=\"view-article\" href=\"https:\/\/gruposicosta.pt\/en\/politica-privacidade\/\">View Article<\/a>","protected":false},"author":1,"featured_media":0,"parent":0,"menu_order":0,"comment_status":"closed","ping_status":"open","template":"page-politica-de-privacidade.php","meta":{"footnotes":""},"class_list":["post-3","page","type-page","status-publish","hentry"],"_links":{"self":[{"href":"https:\/\/gruposicosta.pt\/en\/wp-json\/wp\/v2\/pages\/3","targetHints":{"allow":["GET"]}}],"collection":[{"href":"https:\/\/gruposicosta.pt\/en\/wp-json\/wp\/v2\/pages"}],"about":[{"href":"https:\/\/gruposicosta.pt\/en\/wp-json\/wp\/v2\/types\/page"}],"author":[{"embeddable":true,"href":"https:\/\/gruposicosta.pt\/en\/wp-json\/wp\/v2\/users\/1"}],"replies":[{"embeddable":true,"href":"https:\/\/gruposicosta.pt\/en\/wp-json\/wp\/v2\/comments?post=3"}],"version-history":[{"count":2,"href":"https:\/\/gruposicosta.pt\/en\/wp-json\/wp\/v2\/pages\/3\/revisions"}],"predecessor-version":[{"id":133,"href":"https:\/\/gruposicosta.pt\/en\/wp-json\/wp\/v2\/pages\/3\/revisions\/133"}],"wp:attachment":[{"href":"https:\/\/gruposicosta.pt\/en\/wp-json\/wp\/v2\/media?parent=3"}],"curies":[{"name":"wp","href":"https:\/\/api.w.org\/{rel}","templated":true}]}}