{"id":20,"date":"2025-12-19T13:29:12","date_gmt":"2025-12-19T13:29:12","guid":{"rendered":"https:\/\/gruposicosta.pt\/new\/?page_id=20"},"modified":"2026-02-04T11:04:34","modified_gmt":"2026-02-04T11:04:34","slug":"compromisso-ambiental","status":"publish","type":"page","link":"https:\/\/gruposicosta.pt\/en\/compromisso-ambiental\/","title":{"rendered":"Compromisso Ambiental"},"content":{"rendered":"<p>Com uma vis\u00e3o para o futuro, acreditamos que a implementa\u00e7\u00e3o de solu\u00e7\u00f5es inovadoras e sustent\u00e1veis \u00e9 um reflexo do nosso compromisso com o crescimento respons\u00e1vel e o cuidado para com as gera\u00e7\u00f5es futuras.<\/p>\n\n\n\n<p>Ao adotar pr\u00e1ticas que respeitam o meio ambiente, n\u00e3o s\u00f3 estamos a preservar a nossa identidade regional, como tamb\u00e9m refor\u00e7ar o nosso papel na prote\u00e7\u00e3o da regi\u00e3o que nos define.<\/p>","protected":false},"excerpt":{"rendered":"Com uma vis\u00e3o para o futuro, acreditamos que a implementa\u00e7\u00e3o de solu\u00e7\u00f5es inovadoras e sustent\u00e1veis \u00e9 um reflexo do nosso compromisso com o crescimento respons\u00e1vel e o cuidado para com as gera\u00e7\u00f5es futuras. Ao adotar pr\u00e1ticas que respeitam o meio ambiente, n\u00e3o s\u00f3 estamos a preservar a nossa identidade regional, como tamb\u00e9m refor\u00e7ar o nosso&#8230; <a class=\"view-article\" href=\"https:\/\/gruposicosta.pt\/en\/compromisso-ambiental\/\">View Article<\/a>","protected":false},"author":1,"featured_media":57,"parent":0,"menu_order":0,"comment_status":"closed","ping_status":"closed","template":"page-compromisso-ambiental.php","meta":{"footnotes":""},"class_list":["post-20","page","type-page","status-publish","has-post-thumbnail","hentry"],"_links":{"self":[{"href":"https:\/\/gruposicosta.pt\/en\/wp-json\/wp\/v2\/pages\/20","targetHints":{"allow":["GET"]}}],"collection":[{"href":"https:\/\/gruposicosta.pt\/en\/wp-json\/wp\/v2\/pages"}],"about":[{"href":"https:\/\/gruposicosta.pt\/en\/wp-json\/wp\/v2\/types\/page"}],"author":[{"embeddable":true,"href":"https:\/\/gruposicosta.pt\/en\/wp-json\/wp\/v2\/users\/1"}],"replies":[{"embeddable":true,"href":"https:\/\/gruposicosta.pt\/en\/wp-json\/wp\/v2\/comments?post=20"}],"version-history":[{"count":2,"href":"https:\/\/gruposicosta.pt\/en\/wp-json\/wp\/v2\/pages\/20\/revisions"}],"predecessor-version":[{"id":100,"href":"https:\/\/gruposicosta.pt\/en\/wp-json\/wp\/v2\/pages\/20\/revisions\/100"}],"wp:featuredmedia":[{"embeddable":true,"href":"https:\/\/gruposicosta.pt\/en\/wp-json\/wp\/v2\/media\/57"}],"wp:attachment":[{"href":"https:\/\/gruposicosta.pt\/en\/wp-json\/wp\/v2\/media?parent=20"}],"curies":[{"name":"wp","href":"https:\/\/api.w.org\/{rel}","templated":true}]}}