{"id":2,"date":"2025-12-19T12:57:40","date_gmt":"2025-12-19T12:57:40","guid":{"rendered":"https:\/\/gruposicosta.pt\/new\/?page_id=2"},"modified":"2026-02-04T10:58:38","modified_gmt":"2026-02-04T10:58:38","slug":"pagina-exemplo","status":"publish","type":"page","link":"https:\/\/gruposicosta.pt\/en\/","title":{"rendered":"P\u00e1gina Inicial"},"content":{"rendered":"<h2 class=\"wp-block-heading\"><\/h2>\n\n\n\n<p>Com ra\u00edzes nos A\u00e7ores e mais de 100 anos de hist\u00f3ria, o Grupo Sicosta alia tradi\u00e7\u00e3o, inova\u00e7\u00e3o e sustentabilidade para levar o melhor da nossa terra at\u00e9 si.<\/p>\n\n\n\n<p><\/p>","protected":false},"excerpt":{"rendered":"Com ra\u00edzes nos A\u00e7ores e mais de 100 anos de hist\u00f3ria, o Grupo Sicosta alia tradi\u00e7\u00e3o, inova\u00e7\u00e3o e sustentabilidade para levar o melhor da nossa terra at\u00e9 si.","protected":false},"author":1,"featured_media":50,"parent":0,"menu_order":0,"comment_status":"closed","ping_status":"open","template":"","meta":{"footnotes":""},"class_list":["post-2","page","type-page","status-publish","has-post-thumbnail","hentry"],"_links":{"self":[{"href":"https:\/\/gruposicosta.pt\/en\/wp-json\/wp\/v2\/pages\/2","targetHints":{"allow":["GET"]}}],"collection":[{"href":"https:\/\/gruposicosta.pt\/en\/wp-json\/wp\/v2\/pages"}],"about":[{"href":"https:\/\/gruposicosta.pt\/en\/wp-json\/wp\/v2\/types\/page"}],"author":[{"embeddable":true,"href":"https:\/\/gruposicosta.pt\/en\/wp-json\/wp\/v2\/users\/1"}],"replies":[{"embeddable":true,"href":"https:\/\/gruposicosta.pt\/en\/wp-json\/wp\/v2\/comments?post=2"}],"version-history":[{"count":3,"href":"https:\/\/gruposicosta.pt\/en\/wp-json\/wp\/v2\/pages\/2\/revisions"}],"predecessor-version":[{"id":52,"href":"https:\/\/gruposicosta.pt\/en\/wp-json\/wp\/v2\/pages\/2\/revisions\/52"}],"wp:featuredmedia":[{"embeddable":true,"href":"https:\/\/gruposicosta.pt\/en\/wp-json\/wp\/v2\/media\/50"}],"wp:attachment":[{"href":"https:\/\/gruposicosta.pt\/en\/wp-json\/wp\/v2\/media?parent=2"}],"curies":[{"name":"wp","href":"https:\/\/api.w.org\/{rel}","templated":true}]}}