{"id":16,"date":"2025-12-19T13:28:26","date_gmt":"2025-12-19T13:28:26","guid":{"rendered":"https:\/\/gruposicosta.pt\/new\/?page_id=16"},"modified":"2025-12-19T15:25:44","modified_gmt":"2025-12-19T15:25:44","slug":"areas-de-negocio","status":"publish","type":"page","link":"https:\/\/gruposicosta.pt\/en\/areas-de-negocio\/","title":{"rendered":"\u00c1reas de Neg\u00f3cio"},"content":{"rendered":"<p>No Grupo Sicosta, integramos toda a cadeia de valor agroalimentar: desde a produ\u00e7\u00e3o animal at\u00e9 \u00e0 distribui\u00e7\u00e3o de alimentos de alta qualidade. Esta abordagem permite-nos garantir frescura, seguran\u00e7a alimentar e sustentabilidade em cada etapa do processo.<\/p>","protected":false},"excerpt":{"rendered":"No Grupo Sicosta, integramos toda a cadeia de valor agroalimentar: desde a produ\u00e7\u00e3o animal at\u00e9 \u00e0 distribui\u00e7\u00e3o de alimentos de alta qualidade. Esta abordagem permite-nos garantir frescura, seguran\u00e7a alimentar e sustentabilidade em cada etapa do processo.","protected":false},"author":1,"featured_media":0,"parent":0,"menu_order":0,"comment_status":"closed","ping_status":"closed","template":"page-areas-de-negocio.php","meta":{"footnotes":""},"class_list":["post-16","page","type-page","status-publish","hentry"],"_links":{"self":[{"href":"https:\/\/gruposicosta.pt\/en\/wp-json\/wp\/v2\/pages\/16","targetHints":{"allow":["GET"]}}],"collection":[{"href":"https:\/\/gruposicosta.pt\/en\/wp-json\/wp\/v2\/pages"}],"about":[{"href":"https:\/\/gruposicosta.pt\/en\/wp-json\/wp\/v2\/types\/page"}],"author":[{"embeddable":true,"href":"https:\/\/gruposicosta.pt\/en\/wp-json\/wp\/v2\/users\/1"}],"replies":[{"embeddable":true,"href":"https:\/\/gruposicosta.pt\/en\/wp-json\/wp\/v2\/comments?post=16"}],"version-history":[{"count":2,"href":"https:\/\/gruposicosta.pt\/en\/wp-json\/wp\/v2\/pages\/16\/revisions"}],"predecessor-version":[{"id":68,"href":"https:\/\/gruposicosta.pt\/en\/wp-json\/wp\/v2\/pages\/16\/revisions\/68"}],"wp:attachment":[{"href":"https:\/\/gruposicosta.pt\/en\/wp-json\/wp\/v2\/media?parent=16"}],"curies":[{"name":"wp","href":"https:\/\/api.w.org\/{rel}","templated":true}]}}