{"id":12,"date":"2025-12-19T13:27:24","date_gmt":"2025-12-19T13:27:24","guid":{"rendered":"https:\/\/gruposicosta.pt\/new\/?page_id=12"},"modified":"2026-02-04T10:59:59","modified_gmt":"2026-02-04T10:59:59","slug":"quem-somos","status":"publish","type":"page","link":"https:\/\/gruposicosta.pt\/en\/quem-somos\/","title":{"rendered":"Quem somos"},"content":{"rendered":"<p>O Grupo Sicosta nasceu na ilha de S\u00e3o Miguel, A\u00e7ores, em 1920. A nossa hist\u00f3ria come\u00e7ou no ramo alimentar, com abertura de uma salsicharia tipicamente regional.<br>\u200d<br>Com mais de 100 anos de hist\u00f3ria, fruto de uma enorme capacidade de adapta\u00e7\u00e3o e uma vis\u00e3o estrat\u00e9gia sobre o mercado alimentar, o Grupo expandiu para outras \u00e1reas de neg\u00f3cio, nomeadamente nutri\u00e7\u00e3o e produ\u00e7\u00e3o animal, visando elevados padr\u00f5es de qualidade e excel\u00eancia.<br>\u200d<br>Hoje contamos com mais de 9 empresas, cada uma adaptada \u00e0 sua especializa\u00e7\u00e3o em cada \u00e1rea de neg\u00f3cio do Grupo Sicosta.<br>\u200d<br>Com um olhar voltado para o futuro, procuramos constantemente investir nas novas tecnologias e processos sustent\u00e1veis que respeitam o rigor dos nossos processos de produ\u00e7\u00e3o.<\/p>\n\n\n\n<p>S\u00e3o nas pastagens em que tudo come\u00e7a. Atrav\u00e9s do controlo total da nossa cadeia de valor, garantimos consist\u00eancia e qualidade desde as explora\u00e7\u00f5es at\u00e9 \u00e0 distribui\u00e7\u00e3o do produto final.\u00a0<\/p>","protected":false},"excerpt":{"rendered":"O Grupo Sicosta nasceu na ilha de S\u00e3o Miguel, A\u00e7ores, em 1920. A nossa hist\u00f3ria come\u00e7ou no ramo alimentar, com abertura de uma salsicharia tipicamente regional.\u200dCom mais de 100 anos de hist\u00f3ria, fruto de uma enorme capacidade de adapta\u00e7\u00e3o e uma vis\u00e3o estrat\u00e9gia sobre o mercado alimentar, o Grupo expandiu para outras \u00e1reas de neg\u00f3cio,&#8230; <a class=\"view-article\" href=\"https:\/\/gruposicosta.pt\/en\/quem-somos\/\">View Article<\/a>","protected":false},"author":1,"featured_media":0,"parent":0,"menu_order":0,"comment_status":"closed","ping_status":"closed","template":"page-quem-somos.php","meta":{"footnotes":""},"class_list":["post-12","page","type-page","status-publish","hentry"],"_links":{"self":[{"href":"https:\/\/gruposicosta.pt\/en\/wp-json\/wp\/v2\/pages\/12","targetHints":{"allow":["GET"]}}],"collection":[{"href":"https:\/\/gruposicosta.pt\/en\/wp-json\/wp\/v2\/pages"}],"about":[{"href":"https:\/\/gruposicosta.pt\/en\/wp-json\/wp\/v2\/types\/page"}],"author":[{"embeddable":true,"href":"https:\/\/gruposicosta.pt\/en\/wp-json\/wp\/v2\/users\/1"}],"replies":[{"embeddable":true,"href":"https:\/\/gruposicosta.pt\/en\/wp-json\/wp\/v2\/comments?post=12"}],"version-history":[{"count":3,"href":"https:\/\/gruposicosta.pt\/en\/wp-json\/wp\/v2\/pages\/12\/revisions"}],"predecessor-version":[{"id":139,"href":"https:\/\/gruposicosta.pt\/en\/wp-json\/wp\/v2\/pages\/12\/revisions\/139"}],"wp:attachment":[{"href":"https:\/\/gruposicosta.pt\/en\/wp-json\/wp\/v2\/media?parent=12"}],"curies":[{"name":"wp","href":"https:\/\/api.w.org\/{rel}","templated":true}]}}